{"id":899,"date":"2024-06-03T23:40:50","date_gmt":"2024-06-03T23:40:50","guid":{"rendered":"https:\/\/amesa.com.mx\/Abb\/?product=accesorios-para-cajas-metalicas-sr"},"modified":"2024-07-30T15:32:59","modified_gmt":"2024-07-30T15:32:59","slug":"accesorios-para-cajas-metalicas-sr","status":"publish","type":"product","link":"https:\/\/amesa.com.mx\/Abb\/producto\/accesorios-para-cajas-metalicas-sr\/","title":{"rendered":"Accesorios para cajas met\u00e1licas SR"},"content":{"rendered":"<p>Cajas met\u00e1licas vac\u00edas de acero inoxidable para industrias limpias, modelo SRX,<br \/>\ngrado\u00a0de\u00a0protecci\u00f3n\u00a0IP66\u00a0(4X)\u00a0Incluye\u00a0platina\u00a0de\u00a02\u00a0mm\u00a0\u00a0\u00a0\u00a0\u00a0<\/p>\n","protected":false},"excerpt":{"rendered":"<p>Cajas met\u00e1licas vac\u00edas de acero inoxidable para industrias limpias, modelo SRX, grado\u00a0de\u00a0protecci\u00f3n\u00a0IP66\u00a0(4X)\u00a0Incluye\u00a0platina\u00a0de\u00a02\u00a0mm\u00a0\u00a0\u00a0\u00a0\u00a0<\/p>\n","protected":false},"featured_media":968,"template":"","meta":{"_monsterinsights_skip_tracking":false,"_monsterinsights_sitenote_active":false,"_monsterinsights_sitenote_note":"","_monsterinsights_sitenote_category":0,"_joinchat":[]},"product_brand":[],"product_cat":[73],"product_tag":[],"class_list":{"0":"post-899","1":"product","2":"type-product","3":"status-publish","4":"has-post-thumbnail","6":"product_cat-accesorios-para-cajas-metalicas-sr","8":"first","9":"instock","10":"shipping-taxable","11":"product-type-simple"},"aioseo_notices":[],"_links":{"self":[{"href":"https:\/\/amesa.com.mx\/Abb\/wp-json\/wp\/v2\/product\/899","targetHints":{"allow":["GET"]}}],"collection":[{"href":"https:\/\/amesa.com.mx\/Abb\/wp-json\/wp\/v2\/product"}],"about":[{"href":"https:\/\/amesa.com.mx\/Abb\/wp-json\/wp\/v2\/types\/product"}],"wp:featuredmedia":[{"embeddable":true,"href":"https:\/\/amesa.com.mx\/Abb\/wp-json\/wp\/v2\/media\/968"}],"wp:attachment":[{"href":"https:\/\/amesa.com.mx\/Abb\/wp-json\/wp\/v2\/media?parent=899"}],"wp:term":[{"taxonomy":"product_brand","embeddable":true,"href":"https:\/\/amesa.com.mx\/Abb\/wp-json\/wp\/v2\/product_brand?post=899"},{"taxonomy":"product_cat","embeddable":true,"href":"https:\/\/amesa.com.mx\/Abb\/wp-json\/wp\/v2\/product_cat?post=899"},{"taxonomy":"product_tag","embeddable":true,"href":"https:\/\/amesa.com.mx\/Abb\/wp-json\/wp\/v2\/product_tag?post=899"}],"curies":[{"name":"wp","href":"https:\/\/api.w.org\/{rel}","templated":true}]}}