{"id":897,"date":"2024-06-03T23:40:49","date_gmt":"2024-06-03T23:40:49","guid":{"rendered":"https:\/\/amesa.com.mx\/Abb\/?product=cajas-sr2"},"modified":"2024-06-04T18:59:48","modified_gmt":"2024-06-04T18:59:48","slug":"cajas-sr2","status":"publish","type":"product","link":"https:\/\/amesa.com.mx\/Abb\/producto\/cajas-sr2\/","title":{"rendered":"Cajas SR2"},"content":{"rendered":"<p>Cajas met\u00e1licas vac\u00edas, para control, medici\u00f3n y automatizaci\u00f3n, Grado de<br \/>\nprotecci\u00f3n\u00a0IP65,\u00a0l\u00e1mina\u00a0de\u00a01.2\u00a0mm,\u00a0Incluyen\u00a0platina\u00a0de\u00a0montaje\u00a0de\u00a02\u00a0mm.\u00a0\u00a0\u00a0<\/p>\n","protected":false},"excerpt":{"rendered":"<p>Cajas met\u00e1licas vac\u00edas, para control, medici\u00f3n y automatizaci\u00f3n, Grado de protecci\u00f3n\u00a0IP65,\u00a0l\u00e1mina\u00a0de\u00a01.2\u00a0mm,\u00a0Incluyen\u00a0platina\u00a0de\u00a0montaje\u00a0de\u00a02\u00a0mm.\u00a0\u00a0\u00a0<\/p>\n","protected":false},"featured_media":955,"template":"","meta":{"_monsterinsights_skip_tracking":false,"_monsterinsights_sitenote_active":false,"_monsterinsights_sitenote_note":"","_monsterinsights_sitenote_category":0,"_joinchat":[]},"product_brand":[],"product_cat":[71],"product_tag":[],"class_list":{"0":"post-897","1":"product","2":"type-product","3":"status-publish","4":"has-post-thumbnail","6":"product_cat-cajas-sr2","8":"first","9":"instock","10":"shipping-taxable","11":"product-type-simple"},"aioseo_notices":[],"_links":{"self":[{"href":"https:\/\/amesa.com.mx\/Abb\/wp-json\/wp\/v2\/product\/897","targetHints":{"allow":["GET"]}}],"collection":[{"href":"https:\/\/amesa.com.mx\/Abb\/wp-json\/wp\/v2\/product"}],"about":[{"href":"https:\/\/amesa.com.mx\/Abb\/wp-json\/wp\/v2\/types\/product"}],"wp:featuredmedia":[{"embeddable":true,"href":"https:\/\/amesa.com.mx\/Abb\/wp-json\/wp\/v2\/media\/955"}],"wp:attachment":[{"href":"https:\/\/amesa.com.mx\/Abb\/wp-json\/wp\/v2\/media?parent=897"}],"wp:term":[{"taxonomy":"product_brand","embeddable":true,"href":"https:\/\/amesa.com.mx\/Abb\/wp-json\/wp\/v2\/product_brand?post=897"},{"taxonomy":"product_cat","embeddable":true,"href":"https:\/\/amesa.com.mx\/Abb\/wp-json\/wp\/v2\/product_cat?post=897"},{"taxonomy":"product_tag","embeddable":true,"href":"https:\/\/amesa.com.mx\/Abb\/wp-json\/wp\/v2\/product_tag?post=897"}],"curies":[{"name":"wp","href":"https:\/\/api.w.org\/{rel}","templated":true}]}}